{"id":200,"date":"2023-02-01T10:48:59","date_gmt":"2023-02-01T09:48:59","guid":{"rendered":"https:\/\/temp.millservices.fr\/?page_id=200"},"modified":"2023-02-20T15:01:05","modified_gmt":"2023-02-20T14:01:05","slug":"brite","status":"publish","type":"page","link":"https:\/\/millservices.fr\/","title":{"rendered":"Accueil"},"content":{"rendered":"\n<h2 class=\"wp-block-heading\"><\/h2>\n\n\n\n<figure class=\"wp-block-image aligncenter size-large is-resized has-custom-border is-style-default\"><img loading=\"lazy\" decoding=\"async\" src=\"https:\/\/temp.millservices.fr\/wp-content\/uploads\/2022\/11\/concierges-nettoyage-1024x640.webp\" alt=\"\" class=\"wp-image-80\" style=\"border-width:4px;border-radius:37px\" width=\"768\" height=\"480\" srcset=\"https:\/\/millservices.fr\/wp-content\/uploads\/2022\/11\/concierges-nettoyage-1024x640.webp 1024w, https:\/\/millservices.fr\/wp-content\/uploads\/2022\/11\/concierges-nettoyage-300x188.webp 300w, https:\/\/millservices.fr\/wp-content\/uploads\/2022\/11\/concierges-nettoyage-768x480.webp 768w, https:\/\/millservices.fr\/wp-content\/uploads\/2022\/11\/concierges-nettoyage-1536x960.webp 1536w, https:\/\/millservices.fr\/wp-content\/uploads\/2022\/11\/concierges-nettoyage-1200x750.webp 1200w, https:\/\/millservices.fr\/wp-content\/uploads\/2022\/11\/concierges-nettoyage-1980x1238.webp 1980w, https:\/\/millservices.fr\/wp-content\/uploads\/2022\/11\/concierges-nettoyage.webp 2000w\" sizes=\"auto, (max-width: 768px) 100vw, 768px\" \/><\/figure>\n\n\n\n<div class=\"wp-block-columns is-layout-flex wp-container-core-columns-is-layout-28f84493 wp-block-columns-is-layout-flex\">\n<div class=\"wp-block-column is-layout-flow wp-block-column-is-layout-flow\">\n<p>Mill&rsquo;Services&nbsp;est une soci\u00e9t\u00e9 dynamique au service des entreprises. Les&nbsp;activit\u00e9s principales&nbsp;de Mill Services sont la mise \u00e0 disposition de salles de r\u00e9unions \u00e9quip\u00e9es de bureaux, l&rsquo;entretien de locaux, la livraison de plateaux repas et de petits d\u00e9jeuners&#8230;<\/p>\n\n\n\n<p>Et aussi&#8230;<\/p>\n\n\n\n<ul class=\"wp-block-list\">\n<li>La r\u00e9alisation detravaux&nbsp;comme la&nbsp;maintenance, l&rsquo;am\u00e9nagement, la&nbsp;remise en \u00e9tat des locaux&#8230;<\/li>\n<\/ul>\n\n\n\n<ul class=\"wp-block-list\">\n<li>Le&nbsp;Secr\u00e9tariat&nbsp;avec&nbsp;la domiciliation,&nbsp;les mailings,&nbsp;les photocopies,&nbsp;les h\u00f4tesses d&rsquo;accueil,&#8230;<\/li>\n<\/ul>\n\n\n\n<ul class=\"wp-block-list\">\n<li>Desanimations<strong>&nbsp;<\/strong>comme l&rsquo;op\u00e9rations d&rsquo;incentives..<\/li>\n<\/ul>\n<\/div>\n<\/div>\n\n\n\n<div class=\"wp-block-columns is-layout-flex wp-container-core-columns-is-layout-28f84493 wp-block-columns-is-layout-flex\">\n<div class=\"wp-block-column is-layout-flow wp-block-column-is-layout-flow\" style=\"flex-basis:66.66%\">\n<p><strong>Situation Strat\u00e9gique :<\/strong><\/p>\n\n\n\n<ul class=\"wp-block-list\">\n<li>\u00e0 2 mn de l&rsquo;A9<\/li>\n\n\n\n<li>\u00e0 5 mn du centre ville de Montpellier<\/li>\n\n\n\n<li>\u00e0 2 mn de la gare Tramway<\/li>\n\n\n\n<li>autobus ligne 12<\/li>\n\n\n\n<li>\u00e0 10 mn de la mer<\/li>\n\n\n\n<li>\u00e0 7 mn de l&rsquo;a\u00e9roport Montpellier Fr\u00e9jorgues et \u00e0 40 mn de l&rsquo;a\u00e9roport&nbsp;N\u00eemes Garon Arles<\/li>\n<\/ul>\n\n\n\n<p><strong>H\u00e9bergement :<\/strong><\/p>\n\n\n\n<p>Proximit\u00e9 imm\u00e9diate de deux h\u00f4tels restaurant et d&rsquo;un restaurant :<\/p>\n\n\n\n<ul class=\"wp-block-list\">\n<li>Campanile<\/li>\n\n\n\n<li>Balladin<\/li>\n\n\n\n<li>L&rsquo;escale du Mill\u00e9naire<\/li>\n<\/ul>\n\n\n\n<p><strong>Environnement Prestigieux :<\/strong><\/p>\n\n\n\n<p>A l&rsquo;entr\u00e9e du Parc Club du Mill\u00e9naire, espace de verdure o\u00f9 le parking est gratuit et s\u00e9curis\u00e9 avec le ch\u00e2teau de Flaugergues en perspective.<\/p>\n<\/div>\n\n\n\n<div class=\"wp-block-column is-layout-flow wp-block-column-is-layout-flow\" style=\"flex-basis:33.33%\">\t\t\t<div \n\t\t\tclass=\"wp-block-uagb-google-map uagb-google-map__wrap uagb-block-ee499532  uag-hide-tab uag-hide-mob  \"\n\t\t\tstyle=\"\" >\n\t\t\t\t<embed\n\t\t\t\t\tclass=\"uagb-google-map__iframe\"\n\t\t\t\t\ttitle=\"Carte Google pour \"\n\t\t\t\t\tsrc=\"https:\/\/maps.google.com\/maps?q=1025%20rue%20Henri%20Becquerel%2034000&#038;z=15&#038;hl=fr&#038;t=m&#038;output=embed&#038;iwloc=near\"\n\t\t\t\t\twidth=\"640\"\n\t\t\t\t\theight=\"315\"\n\t\t\t\t\tloading=\"lazy\"\n\t\t\t\t><\/embed>\n\t\t\t<\/div>\n\t\t\t\n\n\n<p><strong><em><strong><em>Mill&rsquo;Services<\/em><\/strong><\/em><br><br><\/strong>12, Parc Club du Mill\u00e9naire 1025<br>rue H. Becquerel<br>34036 Montpellier cedex 1<br>France &#8211; Europe<\/p>\n\n\n\n<p>Tel: +33 4 67 99 30 14<br>Fax: +33 4 67 65 42 29<br>e-mail :&nbsp;mill@temp.millservices.fr<\/p>\n<\/div>\n<\/div>\n\n\n\n<p><strong><mark style=\"background-color:rgba(0, 0, 0, 0)\" class=\"has-inline-color has-ast-global-color-2-color\">Quelques r\u00e9f\u00e9rences<\/mark><\/strong><\/p>\n\n\n\n<div class=\"wp-block-columns is-layout-flex wp-container-core-columns-is-layout-28f84493 wp-block-columns-is-layout-flex\">\n<div class=\"wp-block-column is-layout-flow wp-block-column-is-layout-flow\">\n<div class=\"wp-block-columns is-layout-flex wp-container-core-columns-is-layout-28f84493 wp-block-columns-is-layout-flex\">\n<div class=\"wp-block-column is-layout-flow wp-block-column-is-layout-flow\">\n<div class=\"wp-block-columns is-layout-flex wp-container-core-columns-is-layout-28f84493 wp-block-columns-is-layout-flex\">\n<div class=\"wp-block-column is-layout-flow wp-block-column-is-layout-flow\">\n<figure class=\"wp-block-image\"><img decoding=\"async\" src=\"https:\/\/logo-marque.com\/wp-content\/uploads\/2020\/08\/Dell-Logo-2010-2016.png\" alt=\"Dell Logo : histoire, signification de l'embl\u00e8me\"\/><\/figure>\n<\/div>\n\n\n\n<div class=\"wp-block-column is-layout-flow wp-block-column-is-layout-flow\">\n<figure class=\"wp-block-image aligncenter is-resized\"><img loading=\"lazy\" decoding=\"async\" src=\"https:\/\/upload.wikimedia.org\/wikipedia\/fr\/thumb\/8\/83\/G%C3%A9n%C3%A9rale_des_Eaux.svg\/1200px-G%C3%A9n%C3%A9rale_des_Eaux.svg.png\" alt=\"Fichier:G\u00e9n\u00e9rale des Eaux.svg \u2014 Wikip\u00e9dia\" width=\"91\" height=\"96\"\/><\/figure>\n<\/div>\n\n\n\n<div class=\"wp-block-column is-layout-flow wp-block-column-is-layout-flow\">\n<figure class=\"wp-block-image aligncenter is-resized\"><img loading=\"lazy\" decoding=\"async\" src=\"https:\/\/cdn.freebiesupply.com\/logos\/large\/2x\/century-21-logo-svg-vector.svg\" alt=\"Century 21 Logo PNG Transparent &amp; SVG Vector - Freebie Supply\" width=\"129\" height=\"129\"\/><\/figure>\n<\/div>\n<\/div>\n<\/div>\n\n\n\n<div class=\"wp-block-column is-layout-flow wp-block-column-is-layout-flow\">\n<div class=\"wp-block-columns is-layout-flex wp-container-core-columns-is-layout-28f84493 wp-block-columns-is-layout-flex\">\n<div class=\"wp-block-column is-layout-flow wp-block-column-is-layout-flow\">\n<figure class=\"wp-block-image aligncenter is-resized\"><img loading=\"lazy\" decoding=\"async\" src=\"https:\/\/cdn.freebiesupply.com\/logos\/thumbs\/2x\/schneider-groupe-logo.png\" alt=\"Schneider Groupe Logo PNG Transparent &amp; SVG Vector - Freebie Supply\" width=\"193\" height=\"144\"\/><\/figure>\n<\/div>\n\n\n\n<div class=\"wp-block-column is-layout-flow wp-block-column-is-layout-flow\">\n<figure class=\"wp-block-image aligncenter is-resized\"><img loading=\"lazy\" decoding=\"async\" src=\"https:\/\/cdn.freebiesupply.com\/logos\/large\/2x\/gan-logo-png-transparent.png\" alt=\"Gan Logo PNG Transparent &amp; SVG Vector - Freebie Supply\" width=\"101\" height=\"101\"\/><\/figure>\n<\/div>\n\n\n\n<div class=\"wp-block-column is-layout-flow wp-block-column-is-layout-flow\">\n<figure class=\"wp-block-image aligncenter\"><img decoding=\"async\" src=\"https:\/\/upload.wikimedia.org\/wikipedia\/fr\/b\/b7\/Logo_FIDUCIAL.gif\" alt=\"Fichier:Logo FIDUCIAL.gif \u2014 Wikip\u00e9dia\"\/><\/figure>\n<\/div>\n<\/div>\n<\/div>\n<\/div>\n<\/div>\n<\/div>\n\n\n\n<h2 class=\"wp-block-heading\"><\/h2>\n","protected":false},"excerpt":{"rendered":"<p>Mill&rsquo;Services&nbsp;est une soci\u00e9t\u00e9 dynamique au service des entreprises. Les&nbsp;activit\u00e9s principales&nbsp;de Mill Services sont la mise \u00e0 disposition de salles de r\u00e9unions \u00e9quip\u00e9es de bureaux, l&rsquo;entretien de locaux, la livraison de plateaux repas et de petits d\u00e9jeuners&#8230; Et aussi&#8230; Situation Strat\u00e9gique : H\u00e9bergement : Proximit\u00e9 imm\u00e9diate de deux h\u00f4tels restaurant et d&rsquo;un restaurant : Environnement Prestigieux &hellip;<\/p>\n<p class=\"read-more\"> <a class=\"\" href=\"https:\/\/millservices.fr\/\"> <span class=\"screen-reader-text\">Accueil<\/span> Lire la suite\u00a0\u00bb<\/a><\/p>\n","protected":false},"author":1,"featured_media":0,"parent":0,"menu_order":0,"comment_status":"closed","ping_status":"closed","template":"page-templates\/homepage.php","meta":{"_uag_custom_page_level_css":"","site-sidebar-layout":"default","site-content-layout":"default","ast-global-header-display":"","ast-main-header-display":"","ast-hfb-above-header-display":"","ast-hfb-below-header-display":"","ast-hfb-mobile-header-display":"","site-post-title":"disabled","ast-breadcrumbs-content":"","ast-featured-img":"","footer-sml-layout":"","theme-transparent-header-meta":"","adv-header-id-meta":"","stick-header-meta":"","header-above-stick-meta":"","header-main-stick-meta":"","header-below-stick-meta":"","footnotes":""},"class_list":["post-200","page","type-page","status-publish","hentry"],"uagb_featured_image_src":{"full":false,"thumbnail":false,"medium":false,"medium_large":false,"large":false,"1536x1536":false,"2048x2048":false,"awb_sm":false,"awb_md":false,"awb_lg":false,"awb_xl":false},"uagb_author_info":{"display_name":"adminms","author_link":"https:\/\/millservices.fr\/?author=1"},"uagb_comment_info":0,"uagb_excerpt":"Mill&rsquo;Services&nbsp;est une soci\u00e9t\u00e9 dynamique au service des entreprises. Les&nbsp;activit\u00e9s principales&nbsp;de Mill Services sont la mise \u00e0 disposition de salles de r\u00e9unions \u00e9quip\u00e9es de bureaux, l&rsquo;entretien de locaux, la livraison de plateaux repas et de petits d\u00e9jeuners&#8230; Et aussi&#8230; Situation Strat\u00e9gique : H\u00e9bergement : Proximit\u00e9 imm\u00e9diate de deux h\u00f4tels restaurant et d&rsquo;un restaurant : Environnement Prestigieux\u2026","_links":{"self":[{"href":"https:\/\/millservices.fr\/index.php?rest_route=\/wp\/v2\/pages\/200","targetHints":{"allow":["GET"]}}],"collection":[{"href":"https:\/\/millservices.fr\/index.php?rest_route=\/wp\/v2\/pages"}],"about":[{"href":"https:\/\/millservices.fr\/index.php?rest_route=\/wp\/v2\/types\/page"}],"author":[{"embeddable":true,"href":"https:\/\/millservices.fr\/index.php?rest_route=\/wp\/v2\/users\/1"}],"replies":[{"embeddable":true,"href":"https:\/\/millservices.fr\/index.php?rest_route=%2Fwp%2Fv2%2Fcomments&post=200"}],"version-history":[{"count":15,"href":"https:\/\/millservices.fr\/index.php?rest_route=\/wp\/v2\/pages\/200\/revisions"}],"predecessor-version":[{"id":399,"href":"https:\/\/millservices.fr\/index.php?rest_route=\/wp\/v2\/pages\/200\/revisions\/399"}],"wp:attachment":[{"href":"https:\/\/millservices.fr\/index.php?rest_route=%2Fwp%2Fv2%2Fmedia&parent=200"}],"curies":[{"name":"wp","href":"https:\/\/api.w.org\/{rel}","templated":true}]}}