{"id":22,"date":"2022-11-28T15:14:31","date_gmt":"2022-11-28T14:14:31","guid":{"rendered":"https:\/\/temp.millservices.fr\/?page_id=22"},"modified":"2023-02-20T15:07:38","modified_gmt":"2023-02-20T14:07:38","slug":"location-de-bureaux","status":"publish","type":"page","link":"https:\/\/millservices.fr\/?page_id=22","title":{"rendered":"Nos services de location"},"content":{"rendered":"\n<div class=\"wp-block-columns alignwide are-vertically-aligned-top has-border-color has-black-border-color has-small-font-size is-layout-flex wp-container-core-columns-is-layout-28f84493 wp-block-columns-is-layout-flex\" style=\"border-radius:10px\">\n<div class=\"wp-block-column is-vertically-aligned-top has-pale-cyan-blue-background-color has-background is-layout-flow wp-block-column-is-layout-flow\">\n<h2 class=\"wp-block-heading has-text-align-center\" style=\"text-transform:uppercase\">Location de bureaux<\/h2>\n\n\n\n<div class=\"wp-block-columns is-layout-flex wp-container-core-columns-is-layout-28f84493 wp-block-columns-is-layout-flex\">\n<div class=\"wp-block-column has-small-font-size is-layout-flow wp-block-column-is-layout-flow\" style=\"padding-top:var(--wp--preset--spacing--30);padding-right:var(--wp--preset--spacing--30);padding-bottom:var(--wp--preset--spacing--30);padding-left:var(--wp--preset--spacing--30);flex-basis:100%\">\n<p class=\"has-medium-font-size\"><strong>Mill&rsquo;Services<\/strong>\u00a0s&rsquo;adapte \u00e0 votre situation courte ou longue dur\u00e9e : bureaux climatis\u00e9s, sol en pierre non allerg\u00e8ne&#8230;<\/p>\n<p class=\"has-medium-font-size\"><strong>Mill&rsquo;Services <\/strong>propose un service de nettoyage de bureaux, de photocopie, de d\u00e9part de courrier, de livraison de plateaux repas&#8230;<br \/><strong>Mill&rsquo;Services <\/strong>met \u00e0 votre disposition un espace de d\u00e9tente \u00e9quip\u00e9 de distributeurs de boissons fra\u00eeches et chaudes.<\/p>\n<p class=\"has-medium-font-size\">Dans l&rsquo;enceinte du b\u00e2timent 12,\u00a0<strong>Mill&rsquo;Services <\/strong>met \u00e0 votre disposition des\u00a0salles de r\u00e9unions.<\/p>\n<\/div>\n\n\n\n<div class=\"wp-block-column is-layout-flow wp-block-column-is-layout-flow\" style=\"flex-basis:33.33%\">\n<figure class=\"wp-block-image aligncenter size-full is-resized\"><img loading=\"lazy\" decoding=\"async\" src=\"https:\/\/temp.millservices.fr\/wp-content\/uploads\/2023\/02\/pic_accueil_med-1.jpg\" alt=\"\" class=\"wp-image-376\" width=\"156\" height=\"180\"\/><\/figure>\n\n\n\n<figure class=\"wp-block-image aligncenter size-full\"><img loading=\"lazy\" decoding=\"async\" width=\"156\" height=\"170\" src=\"https:\/\/temp.millservices.fr\/wp-content\/uploads\/2023\/02\/pic_bureau.jpg\" alt=\"\" class=\"wp-image-377\"\/><\/figure>\n<\/div>\n<\/div>\n<\/div>\n<\/div>\n\n\n\n<p><\/p>\n\n\n\n<div class=\"wp-block-columns alignwide are-vertically-aligned-top has-border-color has-black-border-color has-small-font-size is-layout-flex wp-container-core-columns-is-layout-28f84493 wp-block-columns-is-layout-flex\" style=\"border-radius:10px\">\n<div class=\"wp-block-column is-vertically-aligned-top has-pale-cyan-blue-background-color has-background is-layout-flow wp-block-column-is-layout-flow\">\n<div class=\"wp-block-group has-luminous-vivid-amber-background-color has-background is-layout-constrained wp-block-group-is-layout-constrained\">\n<h2 class=\"wp-block-heading has-text-align-center\" style=\"text-transform:uppercase\">Location de salles de r\u00e9unions<\/h2>\n\n\n\n<div class=\"wp-block-columns is-layout-flex wp-container-core-columns-is-layout-28f84493 wp-block-columns-is-layout-flex\">\n<div class=\"wp-block-column is-layout-flow wp-block-column-is-layout-flow\" style=\"flex-basis:100%\">\n<div class=\"wp-block-columns is-layout-flex wp-container-core-columns-is-layout-28f84493 wp-block-columns-is-layout-flex\">\n<div class=\"wp-block-column is-layout-flow wp-block-column-is-layout-flow\">\n<p class=\"has-medium-font-size\" style=\"margin-top:var(--wp--preset--spacing--30);margin-right:var(--wp--preset--spacing--30);margin-bottom:var(--wp--preset--spacing--30);margin-left:var(--wp--preset--spacing--30)\">Mill&rsquo;Services&nbsp;met \u00e0 votre disposition des salles de r\u00e9unions selon votre demande avec une configuration en fonction de vos besoins :<\/p>\n\n\n\n<ul class=\"has-medium-font-size wp-block-list\" style=\"margin-top:var(--wp--preset--spacing--30);margin-right:var(--wp--preset--spacing--30);margin-bottom:var(--wp--preset--spacing--30);margin-left:var(--wp--preset--spacing--30)\">\n<li class=\"has-medium-font-size\">Disposition en U, en \u00e9cole, en conf\u00e9rence.<\/li>\n<\/ul>\n\n\n\n<p class=\"has-medium-font-size\" style=\"margin-top:var(--wp--preset--spacing--30);margin-right:var(--wp--preset--spacing--30);margin-bottom:var(--wp--preset--spacing--30);margin-left:var(--wp--preset--spacing--30)\">Equipement des salles de mat\u00e9riel :<\/p>\n\n\n\n<ul class=\"has-medium-font-size wp-block-list\" style=\"margin-top:var(--wp--preset--spacing--30);margin-right:var(--wp--preset--spacing--30);margin-bottom:var(--wp--preset--spacing--30);margin-left:var(--wp--preset--spacing--30)\">\n<li>Informatique<\/li>\n\n\n\n<li>Audiovisuel<\/li>\n\n\n\n<li>Vid\u00e9o-projecteur<\/li>\n\n\n\n<li>R\u00e9tro-projecteur<\/li>\n\n\n\n<li>Vid\u00e9o-conf\u00e9rence<\/li>\n<\/ul>\n<\/div>\n\n\n\n<div class=\"wp-block-column is-layout-flow wp-block-column-is-layout-flow\" style=\"border-style:none;border-width:0px\">\n<div class=\"wp-block-group is-layout-constrained wp-block-group-is-layout-constrained\">\n<div class=\"wp-block-group is-layout-constrained wp-block-group-is-layout-constrained\">\n<p class=\"has-medium-font-size\" style=\"margin-top:var(--wp--preset--spacing--30);margin-right:var(--wp--preset--spacing--30);margin-bottom:var(--wp--preset--spacing--30);margin-left:var(--wp--preset--spacing--30)\">Possibilit\u00e9 de petits d\u00e9jeuners &amp; d\u00e9jeuners :<\/p>\n\n\n\n<ul class=\"has-medium-font-size wp-block-list\" style=\"margin-top:var(--wp--preset--spacing--30);margin-right:var(--wp--preset--spacing--30);margin-bottom:var(--wp--preset--spacing--30);margin-left:var(--wp--preset--spacing--30)\">\n<li class=\"has-medium-font-size\">Pauses \u00e0 10h et 16h<\/li>\n\n\n\n<li class=\"has-medium-font-size\">Livraison plateaux repas<\/li>\n<\/ul>\n\n\n\n<p class=\"has-medium-font-size\" style=\"margin-top:var(--wp--preset--spacing--30);margin-right:var(--wp--preset--spacing--30);margin-bottom:var(--wp--preset--spacing--30);margin-left:var(--wp--preset--spacing--30)\">Possibilit\u00e9 de prestations de secr\u00e9tariat :<\/p>\n\n\n\n<ul class=\"has-medium-font-size wp-block-list\" style=\"margin-top:var(--wp--preset--spacing--30);margin-right:var(--wp--preset--spacing--30);margin-bottom:var(--wp--preset--spacing--30);margin-left:var(--wp--preset--spacing--30)\">\n<li>envoi\/r\u00e9ception t\u00e9l\u00e9copie<\/li>\n\n\n\n<li>envoi\/r\u00e9ception mail<\/li>\n\n\n\n<li>photocopies<\/li>\n<\/ul>\n<\/div>\n<\/div>\n<\/div>\n<\/div>\n<\/div>\n\n\n\n<div class=\"wp-block-column is-layout-flow wp-block-column-is-layout-flow\" style=\"flex-basis:33.33%\">\n<figure class=\"wp-block-image aligncenter size-full\"><img loading=\"lazy\" decoding=\"async\" width=\"250\" height=\"192\" src=\"https:\/\/temp.millservices.fr\/wp-content\/uploads\/2023\/02\/pic_reunion1_med.jpg\" alt=\"\" class=\"wp-image-378\"\/><\/figure>\n\n\n\n<figure class=\"wp-block-image aligncenter size-full\"><img loading=\"lazy\" decoding=\"async\" width=\"240\" height=\"183\" src=\"https:\/\/temp.millservices.fr\/wp-content\/uploads\/2023\/02\/pic_reunion2_med.jpg\" alt=\"\" class=\"wp-image-379\"\/><\/figure>\n<\/div>\n<\/div>\n<\/div>\n<\/div>\n<\/div>\n","protected":false},"excerpt":{"rendered":"<p>Location de bureaux Mill&rsquo;Services\u00a0s&rsquo;adapte \u00e0 votre situation courte ou longue dur\u00e9e : bureaux climatis\u00e9s, sol en pierre non allerg\u00e8ne&#8230; Mill&rsquo;Services propose un service de nettoyage de bureaux, de photocopie, de d\u00e9part de courrier, de livraison de plateaux repas&#8230;Mill&rsquo;Services met \u00e0 votre disposition un espace de d\u00e9tente \u00e9quip\u00e9 de distributeurs de boissons fra\u00eeches et chaudes. Dans &hellip;<\/p>\n<p class=\"read-more\"> <a class=\"\" href=\"https:\/\/millservices.fr\/?page_id=22\"> <span class=\"screen-reader-text\">Nos services de location<\/span> Lire la suite\u00a0\u00bb<\/a><\/p>\n","protected":false},"author":1,"featured_media":0,"parent":0,"menu_order":0,"comment_status":"closed","ping_status":"closed","template":"","meta":{"_uag_custom_page_level_css":"","site-sidebar-layout":"default","site-content-layout":"default","ast-global-header-display":"","ast-main-header-display":"","ast-hfb-above-header-display":"","ast-hfb-below-header-display":"","ast-hfb-mobile-header-display":"","site-post-title":"","ast-breadcrumbs-content":"","ast-featured-img":"","footer-sml-layout":"","theme-transparent-header-meta":"","adv-header-id-meta":"","stick-header-meta":"","header-above-stick-meta":"","header-main-stick-meta":"","header-below-stick-meta":"","footnotes":""},"class_list":["post-22","page","type-page","status-publish","hentry"],"uagb_featured_image_src":{"full":false,"thumbnail":false,"medium":false,"medium_large":false,"large":false,"1536x1536":false,"2048x2048":false,"awb_sm":false,"awb_md":false,"awb_lg":false,"awb_xl":false},"uagb_author_info":{"display_name":"adminms","author_link":"https:\/\/millservices.fr\/?author=1"},"uagb_comment_info":0,"uagb_excerpt":"Location de bureaux Mill&rsquo;Services\u00a0s&rsquo;adapte \u00e0 votre situation courte ou longue dur\u00e9e : bureaux climatis\u00e9s, sol en pierre non allerg\u00e8ne&#8230; Mill&rsquo;Services propose un service de nettoyage de bureaux, de photocopie, de d\u00e9part de courrier, de livraison de plateaux repas&#8230;Mill&rsquo;Services met \u00e0 votre disposition un espace de d\u00e9tente \u00e9quip\u00e9 de distributeurs de boissons fra\u00eeches et chaudes. Dans\u2026","_links":{"self":[{"href":"https:\/\/millservices.fr\/index.php?rest_route=\/wp\/v2\/pages\/22","targetHints":{"allow":["GET"]}}],"collection":[{"href":"https:\/\/millservices.fr\/index.php?rest_route=\/wp\/v2\/pages"}],"about":[{"href":"https:\/\/millservices.fr\/index.php?rest_route=\/wp\/v2\/types\/page"}],"author":[{"embeddable":true,"href":"https:\/\/millservices.fr\/index.php?rest_route=\/wp\/v2\/users\/1"}],"replies":[{"embeddable":true,"href":"https:\/\/millservices.fr\/index.php?rest_route=%2Fwp%2Fv2%2Fcomments&post=22"}],"version-history":[{"count":10,"href":"https:\/\/millservices.fr\/index.php?rest_route=\/wp\/v2\/pages\/22\/revisions"}],"predecessor-version":[{"id":401,"href":"https:\/\/millservices.fr\/index.php?rest_route=\/wp\/v2\/pages\/22\/revisions\/401"}],"wp:attachment":[{"href":"https:\/\/millservices.fr\/index.php?rest_route=%2Fwp%2Fv2%2Fmedia&parent=22"}],"curies":[{"name":"wp","href":"https:\/\/api.w.org\/{rel}","templated":true}]}}