{"id":34,"date":"2022-11-28T15:20:38","date_gmt":"2022-11-28T14:20:38","guid":{"rendered":"https:\/\/temp.millservices.fr\/?page_id=34"},"modified":"2023-02-20T16:20:18","modified_gmt":"2023-02-20T15:20:18","slug":"livr-repas-petit-dej","status":"publish","type":"page","link":"https:\/\/millservices.fr\/?page_id=34","title":{"rendered":"Livraison de  repas &#038; petits d\u00e9jeuners"},"content":{"rendered":"\n<div class=\"wp-block-uagb-container uagb-block-7fdca246 alignwide uagb-is-root-container\">\n<p class=\"has-pale-cyan-blue-background-color has-background has-medium-font-size\" style=\"padding-top:var(--wp--preset--spacing--20);padding-right:var(--wp--preset--spacing--20);padding-bottom:var(--wp--preset--spacing--20);padding-left:var(--wp--preset--spacing--20)\"><strong><em>Mill&rsquo;Services<\/em><\/strong>\u00a0propose :<\/p>\n\n\n\n<ul class=\"wp-block-list\">\n<li class=\"has-medium-font-size\">La livraison de repas sur les lieux de travail<\/li>\n\n\n\n<li class=\"has-medium-font-size\">D&rsquo;organiser vos cocktails, vos buffets, vos lunchs professionnels<\/li>\n\n\n\n<li class=\"has-medium-font-size\">De pr\u00e9parer vos petits d\u00e9jeuners (accueil, caf\u00e9, pause caf\u00e9, matin et apr\u00e8s-midi)<\/li>\n<\/ul>\n<\/div>\n\n\n\n<p><\/p>\n","protected":false},"excerpt":{"rendered":"<p>Mill&rsquo;Services\u00a0propose :<\/p>\n","protected":false},"author":1,"featured_media":0,"parent":0,"menu_order":0,"comment_status":"closed","ping_status":"closed","template":"","meta":{"_uag_custom_page_level_css":"","site-sidebar-layout":"default","site-content-layout":"default","ast-global-header-display":"","ast-main-header-display":"","ast-hfb-above-header-display":"","ast-hfb-below-header-display":"","ast-hfb-mobile-header-display":"","site-post-title":"","ast-breadcrumbs-content":"","ast-featured-img":"","footer-sml-layout":"","theme-transparent-header-meta":"","adv-header-id-meta":"","stick-header-meta":"","header-above-stick-meta":"","header-main-stick-meta":"","header-below-stick-meta":"","footnotes":""},"class_list":["post-34","page","type-page","status-publish","hentry"],"uagb_featured_image_src":{"full":false,"thumbnail":false,"medium":false,"medium_large":false,"large":false,"1536x1536":false,"2048x2048":false,"awb_sm":false,"awb_md":false,"awb_lg":false,"awb_xl":false},"uagb_author_info":{"display_name":"adminms","author_link":"https:\/\/millservices.fr\/?author=1"},"uagb_comment_info":0,"uagb_excerpt":"Mill&rsquo;Services\u00a0propose :","_links":{"self":[{"href":"https:\/\/millservices.fr\/index.php?rest_route=\/wp\/v2\/pages\/34","targetHints":{"allow":["GET"]}}],"collection":[{"href":"https:\/\/millservices.fr\/index.php?rest_route=\/wp\/v2\/pages"}],"about":[{"href":"https:\/\/millservices.fr\/index.php?rest_route=\/wp\/v2\/types\/page"}],"author":[{"embeddable":true,"href":"https:\/\/millservices.fr\/index.php?rest_route=\/wp\/v2\/users\/1"}],"replies":[{"embeddable":true,"href":"https:\/\/millservices.fr\/index.php?rest_route=%2Fwp%2Fv2%2Fcomments&post=34"}],"version-history":[{"count":5,"href":"https:\/\/millservices.fr\/index.php?rest_route=\/wp\/v2\/pages\/34\/revisions"}],"predecessor-version":[{"id":437,"href":"https:\/\/millservices.fr\/index.php?rest_route=\/wp\/v2\/pages\/34\/revisions\/437"}],"wp:attachment":[{"href":"https:\/\/millservices.fr\/index.php?rest_route=%2Fwp%2Fv2%2Fmedia&parent=34"}],"curies":[{"name":"wp","href":"https:\/\/api.w.org\/{rel}","templated":true}]}}