{"id":38,"date":"2022-11-28T15:21:07","date_gmt":"2022-11-28T14:21:07","guid":{"rendered":"https:\/\/temp.millservices.fr\/?page_id=38"},"modified":"2023-02-06T15:24:37","modified_gmt":"2023-02-06T14:24:37","slug":"photocopies-et-reliures","status":"publish","type":"page","link":"https:\/\/millservices.fr\/?page_id=38","title":{"rendered":"Photocopies et reliures"},"content":{"rendered":"\n<div class=\"wp-block-uagb-container uagb-block-71dd8221 alignfull uagb-is-root-container\"><div class=\"uagb-container-inner-blocks-wrap\">\n<div class=\"wp-block-uagb-container uagb-block-671b4ce6\">\n<div class=\"wp-block-uagb-container uagb-block-undefined\">\n<p class=\"has-pale-cyan-blue-background-color has-background has-medium-font-size\" style=\"padding-top:var(--wp--preset--spacing--20);padding-right:var(--wp--preset--spacing--20);padding-bottom:var(--wp--preset--spacing--20);padding-left:var(--wp--preset--spacing--20)\"><strong><em>Mill&rsquo;Services<\/em><\/strong>\u00a0propose des services de photocopies papier A4, A3, transparents, pour les r\u00e9tro-projections, format 21,6X33, recto-verso, trieuse, &#8230;<br><strong><em><br>Mill&rsquo;Services<\/em><\/strong>\u00a0pr\u00e9sente impeccablement vos dossiers reli\u00e9s (rapports, th\u00e8mes, m\u00e9moires, manuscrits).<\/p>\n<\/div>\n<\/div>\n<\/div><\/div>\n","protected":false},"excerpt":{"rendered":"<p>Mill&rsquo;Services\u00a0propose des services de photocopies papier A4, A3, transparents, pour les r\u00e9tro-projections, format 21,6X33, recto-verso, trieuse, &#8230;Mill&rsquo;Services\u00a0pr\u00e9sente impeccablement vos dossiers reli\u00e9s (rapports, th\u00e8mes, m\u00e9moires, manuscrits).<\/p>\n","protected":false},"author":1,"featured_media":0,"parent":0,"menu_order":0,"comment_status":"closed","ping_status":"closed","template":"","meta":{"_uag_custom_page_level_css":"","site-sidebar-layout":"default","site-content-layout":"default","ast-global-header-display":"","ast-main-header-display":"","ast-hfb-above-header-display":"","ast-hfb-below-header-display":"","ast-hfb-mobile-header-display":"","site-post-title":"","ast-breadcrumbs-content":"","ast-featured-img":"","footer-sml-layout":"","theme-transparent-header-meta":"","adv-header-id-meta":"","stick-header-meta":"","header-above-stick-meta":"","header-main-stick-meta":"","header-below-stick-meta":"","footnotes":""},"class_list":["post-38","page","type-page","status-publish","hentry"],"uagb_featured_image_src":{"full":false,"thumbnail":false,"medium":false,"medium_large":false,"large":false,"1536x1536":false,"2048x2048":false,"awb_sm":false,"awb_md":false,"awb_lg":false,"awb_xl":false},"uagb_author_info":{"display_name":"adminms","author_link":"https:\/\/millservices.fr\/?author=1"},"uagb_comment_info":0,"uagb_excerpt":"Mill&rsquo;Services\u00a0propose des services de photocopies papier A4, A3, transparents, pour les r\u00e9tro-projections, format 21,6X33, recto-verso, trieuse, &#8230;Mill&rsquo;Services\u00a0pr\u00e9sente impeccablement vos dossiers reli\u00e9s (rapports, th\u00e8mes, m\u00e9moires, manuscrits).","_links":{"self":[{"href":"https:\/\/millservices.fr\/index.php?rest_route=\/wp\/v2\/pages\/38","targetHints":{"allow":["GET"]}}],"collection":[{"href":"https:\/\/millservices.fr\/index.php?rest_route=\/wp\/v2\/pages"}],"about":[{"href":"https:\/\/millservices.fr\/index.php?rest_route=\/wp\/v2\/types\/page"}],"author":[{"embeddable":true,"href":"https:\/\/millservices.fr\/index.php?rest_route=\/wp\/v2\/users\/1"}],"replies":[{"embeddable":true,"href":"https:\/\/millservices.fr\/index.php?rest_route=%2Fwp%2Fv2%2Fcomments&post=38"}],"version-history":[{"count":3,"href":"https:\/\/millservices.fr\/index.php?rest_route=\/wp\/v2\/pages\/38\/revisions"}],"predecessor-version":[{"id":433,"href":"https:\/\/millservices.fr\/index.php?rest_route=\/wp\/v2\/pages\/38\/revisions\/433"}],"wp:attachment":[{"href":"https:\/\/millservices.fr\/index.php?rest_route=%2Fwp%2Fv2%2Fmedia&parent=38"}],"curies":[{"name":"wp","href":"https:\/\/api.w.org\/{rel}","templated":true}]}}